{"id":2108,"date":"2014-05-12T17:52:24","date_gmt":"2014-05-12T17:52:24","guid":{"rendered":"https:\/\/www.laradiloy.com\/galeria\/"},"modified":"2023-09-07T07:18:46","modified_gmt":"2023-09-07T05:18:46","slug":"galeria","status":"publish","type":"page","link":"https:\/\/www.laradiloy.com\/en\/galeria\/","title":{"rendered":"Media"},"content":{"rendered":"<div class=\"gb-grid-wrapper gb-grid-wrapper-171502c3\">\n<div class=\"gb-grid-column gb-grid-column-0fc3517b\"><div class=\"gb-container gb-container-0fc3517b\"><div class=\"gb-inside-container\">\n\n<h2 class=\"gb-headline gb-headline-ab7db18c gb-headline-text\">MEDIA<\/h2>\n\n\n\n<blockquote class=\"wp-block-quote\"><p>Always attentive to the singers, he gave the orchestra the verve and sparkle that characterises this work. One could appreciate the delicate nuances in the orchestration of a classically inspired score. Diloy demonstrated at the helm of the Orquesta de la Comunidad de Madrid that confidence which is only the fruit of hard work and talent.<\/p><cite><strong>Paloma Sanz, Briocl\u00e1sica.<\/strong> Don Gil de Alcal\u00e1 at the Teatro de la Zarzuela. <\/cite><\/blockquote>\n\n\n<div class=\"gb-grid-wrapper gb-grid-wrapper-adfd47c3\">\n<div class=\"gb-grid-column gb-grid-column-0cc357aa\"><div class=\"gb-container gb-container-0cc357aa\"><div class=\"gb-inside-container\">\n\n<figure class=\"wp-block-embed is-type-video is-provider-youtube wp-block-embed-youtube wp-embed-aspect-16-9 wp-has-aspect-ratio\"><div class=\"wp-block-embed__wrapper\">\n<iframe loading=\"lazy\" title=\"&quot;Os felicito&quot;... &quot;No llores m\u00e1s mi ni\u00f1a&quot; - Don Gil de Alcal\u00e1 | Lara Diloy\" width=\"1200\" height=\"675\" src=\"https:\/\/www.youtube.com\/embed\/-EI11PZCE88?feature=oembed\" frameborder=\"0\" allow=\"accelerometer; autoplay; clipboard-write; encrypted-media; gyroscope; picture-in-picture; web-share\" allowfullscreen><\/iframe>\n<\/div><figcaption>Don Gil de Alcal\u00e1 at the Teatro de la Zarzuela. ORCAM. <\/figcaption><\/figure>\n\n<\/div><\/div><\/div>\n\n<div class=\"gb-grid-column gb-grid-column-b43576d6\"><div class=\"gb-container gb-container-b43576d6\"><div class=\"gb-inside-container\">\n\n<figure class=\"wp-block-embed is-type-video is-provider-youtube wp-block-embed-youtube wp-embed-aspect-16-9 wp-has-aspect-ratio\"><div class=\"wp-block-embed__wrapper\">\n<iframe loading=\"lazy\" title=\"Falla: El sombrero de tres picos, Suite n.2 | Lara Diloy - ORCAM\" width=\"1200\" height=\"675\" src=\"https:\/\/www.youtube.com\/embed\/JRs2AevLBwo?feature=oembed\" frameborder=\"0\" allow=\"accelerometer; autoplay; clipboard-write; encrypted-media; gyroscope; picture-in-picture; web-share\" allowfullscreen><\/iframe>\n<\/div><figcaption>The Three-Cornered Hat (M. de Falla). ORCAM.<\/figcaption><\/figure>\n\n<\/div><\/div><\/div>\n<\/div>\n\n<div class=\"gb-container gb-container-23c58cb2\"><div class=\"gb-inside-container\">\n<div class=\"gb-container gb-container-8f71bea2\"><div class=\"gb-inside-container\">\n\n<h4 class=\"gb-headline gb-headline-05098b23 gb-headline-text\">IMAGES<\/h4>\n\n\n<div class=\"gb-button-wrapper gb-button-wrapper-cd6b1c1d\">\n\n<a class=\"gb-button gb-button-53ead5d2 gb-button-text\" href=\"https:\/\/drive.google.com\/drive\/folders\/1gPEN3FiWMAa3wY8NolgW_Q-ojEbUOprl?usp=share_link\" target=\"_blank\" rel=\"noopener noreferrer\">Download high quality images<\/a>\n\n<\/div>\n<\/div><\/div>\n\n<div class=\"gb-container gb-container-73ecbbe1\"><div class=\"gb-inside-container\">\n<div class=\"gb-grid-wrapper gb-grid-wrapper-a3509f46\">\n<div class=\"gb-grid-column gb-grid-column-e6c5cd06\"><div class=\"gb-container gb-container-e6c5cd06\"><div class=\"gb-inside-container\">\n\n<figure class=\"gb-block-image gb-block-image-d17f0b18\"><img loading=\"lazy\" width=\"800\" height=\"1200\" class=\"gb-image gb-image-d17f0b18\" src=\"https:\/\/www.laradiloy.com\/wp-content\/uploads\/2023\/08\/Directora-de-Orquesta-Lara-Diloy.jpg\" alt=\"\" title=\"Directora-de-Orquesta-Lara-Diloy\" srcset=\"https:\/\/www.laradiloy.com\/wp-content\/uploads\/2023\/08\/Directora-de-Orquesta-Lara-Diloy.jpg 800w, https:\/\/www.laradiloy.com\/wp-content\/uploads\/2023\/08\/Directora-de-Orquesta-Lara-Diloy-200x300.jpg 200w, https:\/\/www.laradiloy.com\/wp-content\/uploads\/2023\/08\/Directora-de-Orquesta-Lara-Diloy-500x750.jpg 500w, https:\/\/www.laradiloy.com\/wp-content\/uploads\/2023\/08\/Directora-de-Orquesta-Lara-Diloy-768x1152.jpg 768w\" sizes=\"(max-width: 800px) 100vw, 800px\" \/>\n<figcaption class=\"gb-headline gb-headline-ee4092fa gb-headline-text\">Photo: Gemma Escribano<\/figcaption>\n<\/figure>\n\n<\/div><\/div><\/div>\n\n<div class=\"gb-grid-column gb-grid-column-bb1cf462\"><div class=\"gb-container gb-container-bb1cf462\"><div class=\"gb-inside-container\">\n\n<figure class=\"gb-block-image gb-block-image-74ec2739\"><img loading=\"lazy\" width=\"800\" height=\"1200\" class=\"gb-image gb-image-74ec2739\" src=\"https:\/\/www.laradiloy.com\/wp-content\/uploads\/2023\/08\/Directora-de-Orquesta-Lara-Diloy-2.jpg\" alt=\"\" title=\"Directora-de-Orquesta-Lara-Diloy-2\" srcset=\"https:\/\/www.laradiloy.com\/wp-content\/uploads\/2023\/08\/Directora-de-Orquesta-Lara-Diloy-2.jpg 800w, https:\/\/www.laradiloy.com\/wp-content\/uploads\/2023\/08\/Directora-de-Orquesta-Lara-Diloy-2-200x300.jpg 200w, https:\/\/www.laradiloy.com\/wp-content\/uploads\/2023\/08\/Directora-de-Orquesta-Lara-Diloy-2-500x750.jpg 500w, https:\/\/www.laradiloy.com\/wp-content\/uploads\/2023\/08\/Directora-de-Orquesta-Lara-Diloy-2-768x1152.jpg 768w\" sizes=\"(max-width: 800px) 100vw, 800px\" \/>\n<figcaption class=\"gb-headline gb-headline-d748bb6e gb-headline-text\">Photo: Gemma Escribano<\/figcaption>\n<\/figure>\n\n<\/div><\/div><\/div>\n\n<div class=\"gb-grid-column gb-grid-column-b02d92e6\"><div class=\"gb-container gb-container-b02d92e6\"><div class=\"gb-inside-container\">\n\n<figure class=\"gb-block-image gb-block-image-d9b9a8a5\"><img loading=\"lazy\" width=\"801\" height=\"1204\" class=\"gb-image gb-image-d9b9a8a5\" src=\"https:\/\/www.laradiloy.com\/wp-content\/uploads\/2023\/09\/Directora-de-Orquesta-Lara-Diloy-4.jpg\" alt=\"\" title=\"Directora-de-Orquesta-Lara-Diloy-4\" srcset=\"https:\/\/www.laradiloy.com\/wp-content\/uploads\/2023\/09\/Directora-de-Orquesta-Lara-Diloy-4.jpg 801w, https:\/\/www.laradiloy.com\/wp-content\/uploads\/2023\/09\/Directora-de-Orquesta-Lara-Diloy-4-200x300.jpg 200w, https:\/\/www.laradiloy.com\/wp-content\/uploads\/2023\/09\/Directora-de-Orquesta-Lara-Diloy-4-768x1154.jpg 768w\" sizes=\"(max-width: 801px) 100vw, 801px\" \/>\n<figcaption class=\"gb-headline gb-headline-07d00aeb gb-headline-text\">Photo: Gemma Escribano<\/figcaption>\n<\/figure>\n\n<\/div><\/div><\/div>\n<\/div>\n\n<div class=\"gb-grid-wrapper gb-grid-wrapper-e9723a73\">\n<div class=\"gb-grid-column gb-grid-column-ca776182\"><div class=\"gb-container gb-container-ca776182\"><div class=\"gb-inside-container\">\n\n<figure class=\"gb-block-image gb-block-image-dad5a7a4\"><img loading=\"lazy\" width=\"1200\" height=\"800\" class=\"gb-image gb-image-dad5a7a4\" src=\"https:\/\/www.laradiloy.com\/wp-content\/uploads\/2022\/08\/Lara-Diloy-Directora-de-Orquesta-2-1.jpg\" alt=\"\" title=\"Lara-Diloy-Directora-de-Orquesta-2\" srcset=\"https:\/\/www.laradiloy.com\/wp-content\/uploads\/2022\/08\/Lara-Diloy-Directora-de-Orquesta-2-1.jpg 1200w, https:\/\/www.laradiloy.com\/wp-content\/uploads\/2022\/08\/Lara-Diloy-Directora-de-Orquesta-2-1-300x200.jpg 300w, https:\/\/www.laradiloy.com\/wp-content\/uploads\/2022\/08\/Lara-Diloy-Directora-de-Orquesta-2-1-500x333.jpg 500w, https:\/\/www.laradiloy.com\/wp-content\/uploads\/2022\/08\/Lara-Diloy-Directora-de-Orquesta-2-1-768x512.jpg 768w\" sizes=\"(max-width: 1200px) 100vw, 1200px\" \/>\n<figcaption class=\"gb-headline gb-headline-2b6cef52 gb-headline-text\">Photo: Gemma Escribano<\/figcaption>\n<\/figure>\n\n<\/div><\/div><\/div>\n\n<div class=\"gb-grid-column gb-grid-column-0ffbca9a\"><div class=\"gb-container gb-container-0ffbca9a\"><div class=\"gb-inside-container\">\n\n<figure class=\"gb-block-image gb-block-image-1b59b9b8\"><img loading=\"lazy\" width=\"1200\" height=\"800\" class=\"gb-image gb-image-1b59b9b8\" src=\"https:\/\/www.laradiloy.com\/wp-content\/uploads\/2022\/09\/Lara-Diloy-Directora-de-Orquesta-6.jpg\" alt=\"\" title=\"Lara-Diloy-Directora-de-Orquesta-6\" srcset=\"https:\/\/www.laradiloy.com\/wp-content\/uploads\/2022\/09\/Lara-Diloy-Directora-de-Orquesta-6.jpg 1200w, https:\/\/www.laradiloy.com\/wp-content\/uploads\/2022\/09\/Lara-Diloy-Directora-de-Orquesta-6-300x200.jpg 300w, https:\/\/www.laradiloy.com\/wp-content\/uploads\/2022\/09\/Lara-Diloy-Directora-de-Orquesta-6-500x333.jpg 500w, https:\/\/www.laradiloy.com\/wp-content\/uploads\/2022\/09\/Lara-Diloy-Directora-de-Orquesta-6-768x512.jpg 768w\" sizes=\"(max-width: 1200px) 100vw, 1200px\" \/>\n<figcaption class=\"gb-headline gb-headline-0e419630 gb-headline-text\">Photo: Gemma Escribano<\/figcaption>\n<\/figure>\n\n<\/div><\/div><\/div>\n\n<div class=\"gb-grid-column gb-grid-column-104a4687\"><div class=\"gb-container gb-container-104a4687\"><div class=\"gb-inside-container\">\n\n<figure class=\"gb-block-image gb-block-image-41eff585\"><img loading=\"lazy\" width=\"1200\" height=\"800\" class=\"gb-image gb-image-41eff585\" src=\"https:\/\/www.laradiloy.com\/wp-content\/uploads\/2022\/08\/Lara-Diloy-Directora-de-Orquesta-3.jpg\" alt=\"\" title=\"Lara-Diloy-Directora-de-Orquesta-3\" srcset=\"https:\/\/www.laradiloy.com\/wp-content\/uploads\/2022\/08\/Lara-Diloy-Directora-de-Orquesta-3.jpg 1200w, https:\/\/www.laradiloy.com\/wp-content\/uploads\/2022\/08\/Lara-Diloy-Directora-de-Orquesta-3-300x200.jpg 300w, https:\/\/www.laradiloy.com\/wp-content\/uploads\/2022\/08\/Lara-Diloy-Directora-de-Orquesta-3-500x333.jpg 500w, https:\/\/www.laradiloy.com\/wp-content\/uploads\/2022\/08\/Lara-Diloy-Directora-de-Orquesta-3-768x512.jpg 768w\" sizes=\"(max-width: 1200px) 100vw, 1200px\" \/>\n<figcaption class=\"gb-headline gb-headline-f68e57dc gb-headline-text\">Photo: Gemma Escribano<\/figcaption>\n<\/figure>\n\n<\/div><\/div><\/div>\n<\/div>\n\n<div class=\"gb-grid-wrapper gb-grid-wrapper-6a2b13ed\">\n<div class=\"gb-grid-column gb-grid-column-caf102c8\"><div class=\"gb-container gb-container-caf102c8\"><div class=\"gb-inside-container\">\n\n<figure class=\"gb-block-image gb-block-image-c390efb7\"><img loading=\"lazy\" width=\"800\" height=\"1200\" class=\"gb-image gb-image-c390efb7\" src=\"https:\/\/www.laradiloy.com\/wp-content\/uploads\/2022\/08\/Lara-Diloy-Directora-Orquesta-19.jpg\" alt=\"\" title=\"Lara-Diloy-Directora-Orquesta-19\" srcset=\"https:\/\/www.laradiloy.com\/wp-content\/uploads\/2022\/08\/Lara-Diloy-Directora-Orquesta-19.jpg 800w, https:\/\/www.laradiloy.com\/wp-content\/uploads\/2022\/08\/Lara-Diloy-Directora-Orquesta-19-200x300.jpg 200w, https:\/\/www.laradiloy.com\/wp-content\/uploads\/2022\/08\/Lara-Diloy-Directora-Orquesta-19-500x750.jpg 500w, https:\/\/www.laradiloy.com\/wp-content\/uploads\/2022\/08\/Lara-Diloy-Directora-Orquesta-19-768x1152.jpg 768w\" sizes=\"(max-width: 800px) 100vw, 800px\" \/>\n<figcaption class=\"gb-headline gb-headline-6ea27082 gb-headline-text\">Photo: Gemma Escribano<\/figcaption>\n<\/figure>\n\n<\/div><\/div><\/div>\n\n<div class=\"gb-grid-column gb-grid-column-780cdb9e\"><div class=\"gb-container gb-container-780cdb9e\"><div class=\"gb-inside-container\">\n\n<figure class=\"gb-block-image gb-block-image-514b6e5b\"><img loading=\"lazy\" width=\"800\" height=\"1200\" class=\"gb-image gb-image-514b6e5b\" src=\"https:\/\/www.laradiloy.com\/wp-content\/uploads\/2022\/09\/Lara-Diloy-Directora-de-Orquesta-5.jpg\" alt=\"\" title=\"Lara-Diloy-Directora-de-Orquesta-5\" srcset=\"https:\/\/www.laradiloy.com\/wp-content\/uploads\/2022\/09\/Lara-Diloy-Directora-de-Orquesta-5.jpg 800w, https:\/\/www.laradiloy.com\/wp-content\/uploads\/2022\/09\/Lara-Diloy-Directora-de-Orquesta-5-200x300.jpg 200w, https:\/\/www.laradiloy.com\/wp-content\/uploads\/2022\/09\/Lara-Diloy-Directora-de-Orquesta-5-500x750.jpg 500w, https:\/\/www.laradiloy.com\/wp-content\/uploads\/2022\/09\/Lara-Diloy-Directora-de-Orquesta-5-768x1152.jpg 768w\" sizes=\"(max-width: 800px) 100vw, 800px\" \/>\n<figcaption class=\"gb-headline gb-headline-15de3ee1 gb-headline-text\">Photo: Gemma Escribano<\/figcaption>\n<\/figure>\n\n<\/div><\/div><\/div>\n\n<div class=\"gb-grid-column gb-grid-column-e6678f44\"><div class=\"gb-container gb-container-e6678f44\"><div class=\"gb-inside-container\">\n\n<figure class=\"gb-block-image gb-block-image-717e8699\"><img loading=\"lazy\" width=\"800\" height=\"1200\" class=\"gb-image gb-image-717e8699\" src=\"https:\/\/www.laradiloy.com\/wp-content\/uploads\/2022\/08\/Lara-Diloy-Directora-Orquesta-21.jpg\" alt=\"\" title=\"Lara-Diloy-Directora-Orquesta-21\" srcset=\"https:\/\/www.laradiloy.com\/wp-content\/uploads\/2022\/08\/Lara-Diloy-Directora-Orquesta-21.jpg 800w, https:\/\/www.laradiloy.com\/wp-content\/uploads\/2022\/08\/Lara-Diloy-Directora-Orquesta-21-200x300.jpg 200w, https:\/\/www.laradiloy.com\/wp-content\/uploads\/2022\/08\/Lara-Diloy-Directora-Orquesta-21-500x750.jpg 500w, https:\/\/www.laradiloy.com\/wp-content\/uploads\/2022\/08\/Lara-Diloy-Directora-Orquesta-21-768x1152.jpg 768w\" sizes=\"(max-width: 800px) 100vw, 800px\" \/>\n<figcaption class=\"gb-headline gb-headline-d072118a gb-headline-text\">Photo: Gemma Escribano<\/figcaption>\n<\/figure>\n\n<\/div><\/div><\/div>\n<\/div>\n\n<div class=\"gb-grid-wrapper gb-grid-wrapper-94c39a6c\">\n<div class=\"gb-grid-column gb-grid-column-37db66e3\"><div class=\"gb-container gb-container-37db66e3\"><div class=\"gb-inside-container\">\n\n<figure class=\"gb-block-image gb-block-image-3e91b0db\"><img loading=\"lazy\" width=\"800\" height=\"533\" class=\"gb-image gb-image-3e91b0db\" src=\"https:\/\/www.laradiloy.com\/wp-content\/uploads\/2022\/01\/lara-diloy-gran-canaria-orquesta-filarmonica.jpg\" alt=\"\" title=\"lara-diloy-gran-canaria-orquesta-filarmonica\" srcset=\"https:\/\/www.laradiloy.com\/wp-content\/uploads\/2022\/01\/lara-diloy-gran-canaria-orquesta-filarmonica.jpg 800w, https:\/\/www.laradiloy.com\/wp-content\/uploads\/2022\/01\/lara-diloy-gran-canaria-orquesta-filarmonica-600x400.jpg 600w, https:\/\/www.laradiloy.com\/wp-content\/uploads\/2022\/01\/lara-diloy-gran-canaria-orquesta-filarmonica-300x200.jpg 300w, https:\/\/www.laradiloy.com\/wp-content\/uploads\/2022\/01\/lara-diloy-gran-canaria-orquesta-filarmonica-768x512.jpg 768w, https:\/\/www.laradiloy.com\/wp-content\/uploads\/2022\/01\/lara-diloy-gran-canaria-orquesta-filarmonica-500x333.jpg 500w, https:\/\/www.laradiloy.com\/wp-content\/uploads\/2022\/01\/lara-diloy-gran-canaria-orquesta-filarmonica-700x466.jpg 700w\" sizes=\"(max-width: 800px) 100vw, 800px\" \/>\n<figcaption class=\"gb-headline gb-headline-5b6c9851 gb-headline-text\">Orquesta Filarm\u00f3nica de Gran Ganaria<\/figcaption>\n<\/figure>\n\n<\/div><\/div><\/div>\n\n<div class=\"gb-grid-column gb-grid-column-dafa14e2\"><div class=\"gb-container gb-container-dafa14e2\"><div class=\"gb-inside-container\">\n\n<figure class=\"gb-block-image gb-block-image-ae9a8ad5\"><img loading=\"lazy\" width=\"2000\" height=\"1333\" class=\"gb-image gb-image-ae9a8ad5\" src=\"https:\/\/www.laradiloy.com\/wp-content\/uploads\/2019\/08\/Directora-de-orquesta-lara-diloy.jpg\" alt=\"\" title=\"Directora-de-orquesta-lara-diloy\" srcset=\"https:\/\/www.laradiloy.com\/wp-content\/uploads\/2019\/08\/Directora-de-orquesta-lara-diloy.jpg 2000w, https:\/\/www.laradiloy.com\/wp-content\/uploads\/2019\/08\/Directora-de-orquesta-lara-diloy-600x400.jpg 600w, https:\/\/www.laradiloy.com\/wp-content\/uploads\/2019\/08\/Directora-de-orquesta-lara-diloy-300x200.jpg 300w, https:\/\/www.laradiloy.com\/wp-content\/uploads\/2019\/08\/Directora-de-orquesta-lara-diloy-768x512.jpg 768w, https:\/\/www.laradiloy.com\/wp-content\/uploads\/2019\/08\/Directora-de-orquesta-lara-diloy-500x333.jpg 500w, https:\/\/www.laradiloy.com\/wp-content\/uploads\/2019\/08\/Directora-de-orquesta-lara-diloy-700x467.jpg 700w\" sizes=\"(max-width: 2000px) 100vw, 2000px\" \/>\n<figcaption class=\"gb-headline gb-headline-8a625c58 gb-headline-text\">Photo: Patricia Garcinu\u00f1o<\/figcaption>\n<\/figure>\n\n<\/div><\/div><\/div>\n\n<div class=\"gb-grid-column gb-grid-column-201970c2\"><div class=\"gb-container gb-container-201970c2\"><div class=\"gb-inside-container\">\n\n<figure class=\"gb-block-image gb-block-image-a00bba0d\"><img loading=\"lazy\" width=\"1200\" height=\"801\" class=\"gb-image gb-image-a00bba0d\" src=\"https:\/\/www.laradiloy.com\/wp-content\/uploads\/2021\/12\/Lara-Diloy-directora-de-orquesta.-Oviedo-Filarmon\u00eda.-Foto_-Iv\u00e1n-Mart\u00ednez.jpg\" alt=\"\" title=\"Lara-Diloy-directora-de-orquesta.-Oviedo-Filarmon\u00eda.-Foto_-Iv\u00e1n-Mart\u00ednez\" srcset=\"https:\/\/www.laradiloy.com\/wp-content\/uploads\/2021\/12\/Lara-Diloy-directora-de-orquesta.-Oviedo-Filarmon\u00eda.-Foto_-Iv\u00e1n-Mart\u00ednez.jpg 1200w, https:\/\/www.laradiloy.com\/wp-content\/uploads\/2021\/12\/Lara-Diloy-directora-de-orquesta.-Oviedo-Filarmon\u00eda.-Foto_-Iv\u00e1n-Mart\u00ednez-600x401.jpg 600w, https:\/\/www.laradiloy.com\/wp-content\/uploads\/2021\/12\/Lara-Diloy-directora-de-orquesta.-Oviedo-Filarmon\u00eda.-Foto_-Iv\u00e1n-Mart\u00ednez-300x200.jpg 300w, https:\/\/www.laradiloy.com\/wp-content\/uploads\/2021\/12\/Lara-Diloy-directora-de-orquesta.-Oviedo-Filarmon\u00eda.-Foto_-Iv\u00e1n-Mart\u00ednez-768x513.jpg 768w, https:\/\/www.laradiloy.com\/wp-content\/uploads\/2021\/12\/Lara-Diloy-directora-de-orquesta.-Oviedo-Filarmon\u00eda.-Foto_-Iv\u00e1n-Mart\u00ednez-500x334.jpg 500w, https:\/\/www.laradiloy.com\/wp-content\/uploads\/2021\/12\/Lara-Diloy-directora-de-orquesta.-Oviedo-Filarmon\u00eda.-Foto_-Iv\u00e1n-Mart\u00ednez-700x467.jpg 700w\" sizes=\"(max-width: 1200px) 100vw, 1200px\" \/>\n<figcaption class=\"gb-headline gb-headline-560ea226 gb-headline-text\">Photo: Iv\u00e1n Mart\u00ednez<\/figcaption>\n<\/figure>\n\n<\/div><\/div><\/div>\n<\/div>\n<\/div><\/div>\n<\/div><\/div>\n<\/div><\/div><\/div>\n<\/div>","protected":false},"excerpt":{"rendered":"","protected":false},"author":1,"featured_media":1736,"parent":0,"menu_order":0,"comment_status":"closed","ping_status":"open","template":"","meta":[],"_links":{"self":[{"href":"https:\/\/www.laradiloy.com\/en\/wp-json\/wp\/v2\/pages\/2108"}],"collection":[{"href":"https:\/\/www.laradiloy.com\/en\/wp-json\/wp\/v2\/pages"}],"about":[{"href":"https:\/\/www.laradiloy.com\/en\/wp-json\/wp\/v2\/types\/page"}],"author":[{"embeddable":true,"href":"https:\/\/www.laradiloy.com\/en\/wp-json\/wp\/v2\/users\/1"}],"replies":[{"embeddable":true,"href":"https:\/\/www.laradiloy.com\/en\/wp-json\/wp\/v2\/comments?post=2108"}],"version-history":[{"count":10,"href":"https:\/\/www.laradiloy.com\/en\/wp-json\/wp\/v2\/pages\/2108\/revisions"}],"predecessor-version":[{"id":2369,"href":"https:\/\/www.laradiloy.com\/en\/wp-json\/wp\/v2\/pages\/2108\/revisions\/2369"}],"wp:featuredmedia":[{"embeddable":true,"href":"https:\/\/www.laradiloy.com\/en\/wp-json\/wp\/v2\/media\/1736"}],"wp:attachment":[{"href":"https:\/\/www.laradiloy.com\/en\/wp-json\/wp\/v2\/media?parent=2108"}],"curies":[{"name":"wp","href":"https:\/\/api.w.org\/{rel}","templated":true}]}}