{"id":2112,"date":"2017-08-17T10:56:14","date_gmt":"2017-08-17T08:56:14","guid":{"rendered":"https:\/\/www.laradiloy.com\/noticias\/"},"modified":"2023-08-21T16:47:16","modified_gmt":"2023-08-21T14:47:16","slug":"noticias","status":"publish","type":"page","link":"https:\/\/www.laradiloy.com\/en\/noticias\/","title":{"rendered":"Noticias"},"content":{"rendered":"<div class=\"gb-grid-wrapper gb-grid-wrapper-0b03f9d9\">\n<div class=\"gb-grid-column gb-grid-column-097a87c5\"><div class=\"gb-container gb-container-097a87c5\"><div class=\"gb-inside-container\">\n<div class=\"gb-grid-wrapper gb-grid-wrapper-869f3747\">\n<div class=\"gb-grid-column gb-grid-column-5730d6f7\"><div class=\"gb-container gb-container-5730d6f7\"><div class=\"gb-inside-container\">\n\n<h2 class=\"gb-headline gb-headline-203e5408 gb-headline-text\">NEWS<\/h2>\n\n<\/div><\/div><\/div>\n<\/div>\n<\/div><\/div><\/div>\n<\/div>\n\n<div class=\"gb-grid-wrapper gb-grid-wrapper-67f8c651\">\n<div class=\"gb-grid-column gb-grid-column-0130f777\"><div class=\"gb-container gb-container-0130f777\" style=\"--background-image: url(https:\/\/www.laradiloy.com\/wp-content\/uploads\/2021\/02\/susan-wilkinson-PyjLCMReMns-unsplash-min-scaled-e1612847333488.jpg);\"><div class=\"gb-inside-container\">\n\n<figure class=\"wp-block-pullquote has-base-color has-text-color\" style=\"font-style:normal;font-weight:300\"><blockquote><p>(&#8230;) under the sure and sensitive direction of Lara Diloy, they have performed a clean and punctual work, at times a real lacework (\u2026) We witnessed an excellent performance marvellously served by Diloy&#8217;s baton.<\/p><cite><strong>Arturo Reverter<br><\/strong>&#8220;Lazarillo&#8221; at the Teatro Corral de Comedias in Alcal\u00e1 de Henares<\/cite><\/blockquote><\/figure>\n\n<\/div><\/div><\/div>\n<\/div>\n\n<div class=\"gb-container gb-container-a256ad19\"><div class=\"gb-inside-container\">\n<style>.wp-show-posts-columns#wpsp-1545 {margin-left: -4em; }.wp-show-posts-columns#wpsp-1545 .wp-show-posts-inner {margin: 0 0 4em 4em; }<\/style><section id=\"wpsp-1545\" class=\" wp-show-posts-columns wp-show-posts\" style=\"\"><article class=\" wp-show-posts-single post-2620 post type-post status-publish format-standard has-post-thumbnail hentry category-noticias-en wpsp-col-6\" itemtype=\"http:\/\/schema.org\/CreativeWork\" itemscope><div class=\"wp-show-posts-inner\" style=\"\">\t\t<div class=\"wp-show-posts-image  wpsp-image-center \">\n\t\t\t<a href=\"https:\/\/www.laradiloy.com\/en\/lara-diloy-entrevista-el-mundo\/\"  title=\"Lara Diloy: The art of conducting through balance and excellence\">\t\t\t\t\t<img src=\"https:\/\/www.laradiloy.com\/wp-content\/uploads\/2026\/01\/lara-diloy-entrevista-el-mundo-800x533.jpg\" alt=\"Lara Diloy: The art of conducting through balance and excellence\" itemprop=\"image\" class=\"center\" \/>\n\t\t\t\t<\/a>\t\t<\/div>\n\t\t\t\t\t\t\t\t<header class=\"wp-show-posts-entry-header\">\n\t\t\t\t\t\t\t<h4 class=\"wp-show-posts-entry-title\" itemprop=\"headline\"><a href=\"https:\/\/www.laradiloy.com\/en\/lara-diloy-entrevista-el-mundo\/\" rel=\"bookmark\">Lara Diloy: The art of conducting through balance and excellence<\/a><\/h4>\t\t\t\t\t\t<\/header><!-- .entry-header -->\n\t\t\t\t\t\t\t\t\t\t\t<div class=\"wp-show-posts-entry-summary\" itemprop=\"text\">\n\t\t\t\t\t\t\t<p>The prestigious cultural supplement La Lectura (El Mundo) features an extensive report on conductor Lara Diloy. In this in-depth interview, titled &#8220;In balance lies the answer,&#8221; Diloy reflects on her career, her artistic vision, and the responsibility of leading major orchestras, consolidating her position as a leading figure in contemporary orchestral conducting.<\/p>\n\t\t\t\t\t\t<\/div><!-- .entry-summary -->\n\t\t\t\t\t<\/div><!-- wp-show-posts-inner --><\/article><article class=\" wp-show-posts-single post-2614 post type-post status-publish format-standard has-post-thumbnail hentry category-noticias-en wpsp-col-6\" itemtype=\"http:\/\/schema.org\/CreativeWork\" itemscope><div class=\"wp-show-posts-inner\" style=\"\">\t\t<div class=\"wp-show-posts-image  wpsp-image-center \">\n\t\t\t<a href=\"https:\/\/www.laradiloy.com\/en\/la-traviata-almeria-lara-diloy\/\"  title=\"\u00abLa Traviata\u00bb triumphs in Almer\u00eda under the musical direction of Lara Diloy\">\t\t\t\t\t<img src=\"https:\/\/www.laradiloy.com\/wp-content\/uploads\/2026\/01\/almeria-la-traviata-scaled-800x533.jpg\" alt=\"\u00abLa Traviata\u00bb triumphs in Almer\u00eda under the musical direction of Lara Diloy\" itemprop=\"image\" class=\"center\" \/>\n\t\t\t\t<\/a>\t\t<\/div>\n\t\t\t\t\t\t\t\t<header class=\"wp-show-posts-entry-header\">\n\t\t\t\t\t\t\t<h4 class=\"wp-show-posts-entry-title\" itemprop=\"headline\"><a href=\"https:\/\/www.laradiloy.com\/en\/la-traviata-almeria-lara-diloy\/\" rel=\"bookmark\">\u00abLa Traviata\u00bb triumphs in Almer\u00eda under the musical direction of Lara Diloy<\/a><\/h4>\t\t\t\t\t\t<\/header><!-- .entry-header -->\n\t\t\t\t\t\t\t\t\t\t\t<div class=\"wp-show-posts-entry-summary\" itemprop=\"text\">\n\t\t\t\t\t\t\t<p>Following her recent appearances on major national stages,\u00a0Lara Diloy\u00a0has successfully taken on the musical direction of Giuseppe Verdi\u2019s\u00a0La Traviata\u00a0at the Auditorio Municipal Maestro Padilla in Almer\u00eda. The performance, held on December 6th, was supported by Cajamar, the Almer\u00eda City Council, and the Indaliana Foundation for Music and the Arts (Clasijazz).<\/p>\n\t\t\t\t\t\t<\/div><!-- .entry-summary -->\n\t\t\t\t\t<\/div><!-- wp-show-posts-inner --><\/article><article class=\" wp-show-posts-single post-2600 post type-post status-publish format-standard has-post-thumbnail hentry category-noticias-en wpsp-col-6\" itemtype=\"http:\/\/schema.org\/CreativeWork\" itemscope><div class=\"wp-show-posts-inner\" style=\"\">\t\t<div class=\"wp-show-posts-image  wpsp-image-center \">\n\t\t\t<a href=\"https:\/\/www.laradiloy.com\/en\/lara-diloy-conducts-duel-mozart-vs-salieri\/\"  title=\"Lara Diloy Conducts &#8220;The Duel: Mozart vs. Salieri&#8221; at the Little\u00d3pera Zamora Festival\">\t\t\t\t\t<img src=\"https:\/\/www.laradiloy.com\/wp-content\/uploads\/2025\/09\/el-duelo-little-opera-mozart-salieri-800x533.jpg\" alt=\"Lara Diloy Conducts &#8220;The Duel: Mozart vs. Salieri&#8221; at the Little\u00d3pera Zamora Festival\" itemprop=\"image\" class=\"center\" \/>\n\t\t\t\t<\/a>\t\t<\/div>\n\t\t\t\t\t\t\t\t<header class=\"wp-show-posts-entry-header\">\n\t\t\t\t\t\t\t<h4 class=\"wp-show-posts-entry-title\" itemprop=\"headline\"><a href=\"https:\/\/www.laradiloy.com\/en\/lara-diloy-conducts-duel-mozart-vs-salieri\/\" rel=\"bookmark\">Lara Diloy Conducts &#8220;The Duel: Mozart vs. Salieri&#8221; at the Little\u00d3pera Zamora Festival<\/a><\/h4>\t\t\t\t\t\t<\/header><!-- .entry-header -->\n\t\t\t\t\t\t\t\t\t\t\t<div class=\"wp-show-posts-entry-summary\" itemprop=\"text\">\n\t\t\t\t\t\t\t<p>Conductor Lara Diloy was in charge of leading the show &#8220;The Duel: Mozart vs. Salieri&#8221; at the Teatro Principal in Zamora, one of the main highlights of the tenth edition of the Little\u00d3pera Festival. At the helm of the Orquesta Vigo 430, Diloy &#8220;was very active and diligent, expressive and cordial&#8221;.<\/p>\n\t\t\t\t\t\t<\/div><!-- .entry-summary -->\n\t\t\t\t\t<\/div><!-- wp-show-posts-inner --><\/article><article class=\" wp-show-posts-single post-2588 post type-post status-publish format-standard has-post-thumbnail hentry category-noticias-en wpsp-col-6\" itemtype=\"http:\/\/schema.org\/CreativeWork\" itemscope><div class=\"wp-show-posts-inner\" style=\"\">\t\t<div class=\"wp-show-posts-image  wpsp-image-center \">\n\t\t\t<a href=\"https:\/\/www.laradiloy.com\/en\/lara-diloy-debuts-with-the-malaga-philharmonic-orchestra\/\"  title=\"Lara Diloy Debuts with the M\u00e1laga Philharmonic Orchestra with an All-Tchaikovsky Program\">\t\t\t\t\t<img src=\"https:\/\/www.laradiloy.com\/wp-content\/uploads\/2025\/09\/orquesta-filarmonica-malaga-lara-diloy-800x533.jpg\" alt=\"Lara Diloy Debuts with the M\u00e1laga Philharmonic Orchestra with an All-Tchaikovsky Program\" itemprop=\"image\" class=\"center\" \/>\n\t\t\t\t<\/a>\t\t<\/div>\n\t\t\t\t\t\t\t\t<header class=\"wp-show-posts-entry-header\">\n\t\t\t\t\t\t\t<h4 class=\"wp-show-posts-entry-title\" itemprop=\"headline\"><a href=\"https:\/\/www.laradiloy.com\/en\/lara-diloy-debuts-with-the-malaga-philharmonic-orchestra\/\" rel=\"bookmark\">Lara Diloy Debuts with the M\u00e1laga Philharmonic Orchestra with an All-Tchaikovsky Program<\/a><\/h4>\t\t\t\t\t\t<\/header><!-- .entry-header -->\n\t\t\t\t\t\t\t\t\t\t\t<div class=\"wp-show-posts-entry-summary\" itemprop=\"text\">\n\t\t\t\t\t\t\t<p>Conductor Lara Diloy has made her debut leading the M\u00e1laga Philharmonic Orchestra (OFM) at the 37th Special Summer Concert. Titled &#8220;Tchaikovsky&#8217;s Universe,&#8221; the concert took place last Friday, July 25th, in the exceptional setting of the gardens of the Official College of Technical Architecture of M\u00e1laga. For her first collaboration with the M\u00e1laga-based orchestra, Diloy prepared a program entirely dedicated to the work of Pyotr Ilyich Tchaikovsky.<\/p>\n\t\t\t\t\t\t<\/div><!-- .entry-summary -->\n\t\t\t\t\t<\/div><!-- wp-show-posts-inner --><\/article><article class=\" wp-show-posts-single post-2512 post type-post status-publish format-standard has-post-thumbnail hentry category-noticias-en wpsp-col-6\" itemtype=\"http:\/\/schema.org\/CreativeWork\" itemscope><div class=\"wp-show-posts-inner\" style=\"\">\t\t<div class=\"wp-show-posts-image  wpsp-image-center \">\n\t\t\t<a href=\"https:\/\/www.laradiloy.com\/en\/lara-diloy-regresa-al-teatro-de-la-zarzuela\/\"  title=\"Lara Diloy returns to Teatro de la Zarzuela\">\t\t\t\t\t<img src=\"https:\/\/www.laradiloy.com\/wp-content\/uploads\/2025\/04\/Lara-Diloy-El-bateo-800x533.jpg\" alt=\"Lara Diloy returns to Teatro de la Zarzuela\" itemprop=\"image\" class=\"center\" \/>\n\t\t\t\t<\/a>\t\t<\/div>\n\t\t\t\t\t\t\t\t<header class=\"wp-show-posts-entry-header\">\n\t\t\t\t\t\t\t<h4 class=\"wp-show-posts-entry-title\" itemprop=\"headline\"><a href=\"https:\/\/www.laradiloy.com\/en\/lara-diloy-regresa-al-teatro-de-la-zarzuela\/\" rel=\"bookmark\">Lara Diloy returns to Teatro de la Zarzuela<\/a><\/h4>\t\t\t\t\t\t<\/header><!-- .entry-header -->\n\t\t\t\t\t\t\t\t\t\t\t<div class=\"wp-show-posts-entry-summary\" itemprop=\"text\">\n\t\t\t\t\t\t\t<p>Madrid-based conductor Lara Diloy returns to the pit of the Teatro de la Zarzuela to conduct two gems of the Spanish lyric repertoire: Federico Chueca&#8217;s El bateo and Ruperto Chap\u00ed&#8217;s La revoltosa. On this occasion, Lara Diloy shares musical direction with \u00d3liver D\u00edaz, in a new stage production directed by Juan Echanove.<\/p>\n\t\t\t\t\t\t<\/div><!-- .entry-summary -->\n\t\t\t\t\t<\/div><!-- wp-show-posts-inner --><\/article><article class=\" wp-show-posts-single post-2530 post type-post status-publish format-standard has-post-thumbnail hentry category-noticias-en wpsp-col-6\" itemtype=\"http:\/\/schema.org\/CreativeWork\" itemscope><div class=\"wp-show-posts-inner\" style=\"\">\t\t<div class=\"wp-show-posts-image  wpsp-image-center \">\n\t\t\t<a href=\"https:\/\/www.laradiloy.com\/en\/leonora-60-coffe-beans\/\"  title=\"Lara Diloy and Bel\u00e9n Otxotorena present a new didactic concert with the Orquesta de Extremadura\">\t\t\t\t\t<img src=\"https:\/\/www.laradiloy.com\/wp-content\/uploads\/2025\/04\/Lara-Diloy-Directora-Orquesta-de-Extremadura-800x533.jpg\" alt=\"Lara Diloy and Bel\u00e9n Otxotorena present a new didactic concert with the Orquesta de Extremadura\" itemprop=\"image\" class=\"center\" \/>\n\t\t\t\t<\/a>\t\t<\/div>\n\t\t\t\t\t\t\t\t<header class=\"wp-show-posts-entry-header\">\n\t\t\t\t\t\t\t<h4 class=\"wp-show-posts-entry-title\" itemprop=\"headline\"><a href=\"https:\/\/www.laradiloy.com\/en\/leonora-60-coffe-beans\/\" rel=\"bookmark\">Lara Diloy and Bel\u00e9n Otxotorena present a new didactic concert with the Orquesta de Extremadura<\/a><\/h4>\t\t\t\t\t\t<\/header><!-- .entry-header -->\n\t\t\t\t\t\t\t\t\t\t\t<div class=\"wp-show-posts-entry-summary\" itemprop=\"text\">\n\t\t\t\t\t\t\t<p>The concert Leonora y los sesenta granos de caf\u00e9, conducted by Lara Diloy and narrated by Bel\u00e9n Otxotorena, creator of this musical tale, will be presented to schools during this academic year in Badajoz, C\u00e1ceres and M\u00e9rida, in March and April, together with the Orquesta de Extremadura.<\/p>\n\t\t\t\t\t\t<\/div><!-- .entry-summary -->\n\t\t\t\t\t<\/div><!-- wp-show-posts-inner --><\/article><article class=\" wp-show-posts-single post-2545 post type-post status-publish format-standard has-post-thumbnail hentry category-noticias-en wpsp-col-6\" itemtype=\"http:\/\/schema.org\/CreativeWork\" itemscope><div class=\"wp-show-posts-inner\" style=\"\">\t\t<div class=\"wp-show-posts-image  wpsp-image-center \">\n\t\t\t<a href=\"https:\/\/www.laradiloy.com\/en\/peter-and-the-wolf\/\"  title=\"Lara Diloy conducts \u2018Peter and the Wolf\u2019 with the Madrid Symphony Orchestra\">\t\t\t\t\t<img src=\"https:\/\/www.laradiloy.com\/wp-content\/uploads\/2025\/04\/Lara-Diloy-Gemma-Escribano-04-800x533.jpg\" alt=\"Lara Diloy conducts \u2018Peter and the Wolf\u2019 with the Madrid Symphony Orchestra\" itemprop=\"image\" class=\"center\" \/>\n\t\t\t\t<\/a>\t\t<\/div>\n\t\t\t\t\t\t\t\t<header class=\"wp-show-posts-entry-header\">\n\t\t\t\t\t\t\t<h4 class=\"wp-show-posts-entry-title\" itemprop=\"headline\"><a href=\"https:\/\/www.laradiloy.com\/en\/peter-and-the-wolf\/\" rel=\"bookmark\">Lara Diloy conducts \u2018Peter and the Wolf\u2019 with the Madrid Symphony Orchestra<\/a><\/h4>\t\t\t\t\t\t<\/header><!-- .entry-header -->\n\t\t\t\t\t\t\t\t\t\t\t<div class=\"wp-show-posts-entry-summary\" itemprop=\"text\">\n\t\t\t\t\t\t\t<p>The film, produced by Break Thru Films, will be accompanied by a live performance of the chamber version of Prokofiev&#8217;s score of the same name by eleven musicians from the Orquesta Titular del Teatro Real under the musical direction of Lara Diloy. <\/p>\n\t\t\t\t\t\t<\/div><!-- .entry-summary -->\n\t\t\t\t\t<\/div><!-- wp-show-posts-inner --><\/article><article class=\" wp-show-posts-single post-2555 post type-post status-publish format-standard has-post-thumbnail hentry category-noticias-en wpsp-col-6\" itemtype=\"http:\/\/schema.org\/CreativeWork\" itemscope><div class=\"wp-show-posts-inner\" style=\"\">\t\t<div class=\"wp-show-posts-image  wpsp-image-center \">\n\t\t\t<a href=\"https:\/\/www.laradiloy.com\/en\/christmas-concert-royal-retiro-theatre\/\"  title=\"Lara Diloy conducts the \u2018\u2019Christmas Concert\u2018\u2019 at the Royal Retiro Theatre\">\t\t\t\t\t<img src=\"https:\/\/www.laradiloy.com\/wp-content\/uploads\/2025\/04\/lara-diloy-jorcam-real-teatro-retiro-800x533.jpg\" alt=\"Lara Diloy conducts the \u2018\u2019Christmas Concert\u2018\u2019 at the Royal Retiro Theatre\" itemprop=\"image\" class=\"center\" \/>\n\t\t\t\t<\/a>\t\t<\/div>\n\t\t\t\t\t\t\t\t<header class=\"wp-show-posts-entry-header\">\n\t\t\t\t\t\t\t<h4 class=\"wp-show-posts-entry-title\" itemprop=\"headline\"><a href=\"https:\/\/www.laradiloy.com\/en\/christmas-concert-royal-retiro-theatre\/\" rel=\"bookmark\">Lara Diloy conducts the \u2018\u2019Christmas Concert\u2018\u2019 at the Royal Retiro Theatre<\/a><\/h4>\t\t\t\t\t\t<\/header><!-- .entry-header -->\n\t\t\t\t\t\t\t\t\t\t\t<div class=\"wp-show-posts-entry-summary\" itemprop=\"text\">\n\t\t\t\t\t\t\t<p>Lara Diloy leads the Joven Camerata de la ORCAM and the Joven Orquesta de la Comunidad de Madrid (JORCAM) in a series of festive concerts at the Real Teatro de Retiro.<\/p>\n\t\t\t\t\t\t<\/div><!-- .entry-summary -->\n\t\t\t\t\t<\/div><!-- wp-show-posts-inner --><\/article><article class=\" wp-show-posts-single post-2443 post type-post status-publish format-standard has-post-thumbnail hentry category-noticias-en wpsp-col-6\" itemtype=\"http:\/\/schema.org\/CreativeWork\" itemscope><div class=\"wp-show-posts-inner\" style=\"\">\t\t<div class=\"wp-show-posts-image  wpsp-image-center \">\n\t\t\t<a href=\"https:\/\/www.laradiloy.com\/en\/lara-diloy-en-el-equilibrio-esta-la-respuesta\/\"  title=\"Lara Diloy: \u201cBalance is the answer\u201d\">\t\t\t\t\t<img src=\"https:\/\/www.laradiloy.com\/wp-content\/uploads\/2024\/07\/Lara_Diloy_directora-orquesta-800x533.jpg\" alt=\"Lara Diloy: \u201cBalance is the answer\u201d\" itemprop=\"image\" class=\"center\" \/>\n\t\t\t\t<\/a>\t\t<\/div>\n\t\t\t\t\t\t\t\t<header class=\"wp-show-posts-entry-header\">\n\t\t\t\t\t\t\t<h4 class=\"wp-show-posts-entry-title\" itemprop=\"headline\"><a href=\"https:\/\/www.laradiloy.com\/en\/lara-diloy-en-el-equilibrio-esta-la-respuesta\/\" rel=\"bookmark\">Lara Diloy: \u201cBalance is the answer\u201d<\/a><\/h4>\t\t\t\t\t\t<\/header><!-- .entry-header -->\n\t\t\t\t\t\t\t\t\t\t\t<div class=\"wp-show-posts-entry-summary\" itemprop=\"text\">\n\t\t\t\t\t\t\t<p>Her baton has been placed at the helm of orchestras such as the Orquesta de la Comunidad de Madrid, the Bilbao Symphony Orchestra, the Orquesta de Radio Televisi\u00f3n Espa\u00f1ola and the Filarm\u00f3nica de Gran Canaria. All this makes Lara Diloy one of the strongest realities of the present of orchestral conducting in our country. And not only for that, but also for her vision of teamwork, energy, flexibility and balance in front of the music stands.<\/p>\n\t\t\t\t\t\t<\/div><!-- .entry-summary -->\n\t\t\t\t\t<\/div><!-- wp-show-posts-inner --><\/article><article class=\" wp-show-posts-single post-2416 post type-post status-publish format-standard has-post-thumbnail hentry category-noticias-en wpsp-col-6\" itemtype=\"http:\/\/schema.org\/CreativeWork\" itemscope><div class=\"wp-show-posts-inner\" style=\"\">\t\t<div class=\"wp-show-posts-image  wpsp-image-center \">\n\t\t\t<a href=\"https:\/\/www.laradiloy.com\/en\/lara-diloy-conducts-at-the-teatro-de-la-zarzuela\/\"  title=\"Lara Diloy conducts &#8216;El a\u00f1o pasado por agua&#8217; at the Teatro de la Zarzuela\">\t\t\t\t\t<img src=\"https:\/\/www.laradiloy.com\/wp-content\/uploads\/2024\/03\/lara-diloy-teatro-zarzuela-proyecto-zarza-800x533.jpg\" alt=\"Lara Diloy conducts &#8216;El a\u00f1o pasado por agua&#8217; at the Teatro de la Zarzuela\" itemprop=\"image\" class=\"center\" \/>\n\t\t\t\t<\/a>\t\t<\/div>\n\t\t\t\t\t\t\t\t<header class=\"wp-show-posts-entry-header\">\n\t\t\t\t\t\t\t<h4 class=\"wp-show-posts-entry-title\" itemprop=\"headline\"><a href=\"https:\/\/www.laradiloy.com\/en\/lara-diloy-conducts-at-the-teatro-de-la-zarzuela\/\" rel=\"bookmark\">Lara Diloy conducts &#8216;El a\u00f1o pasado por agua&#8217; at the Teatro de la Zarzuela<\/a><\/h4>\t\t\t\t\t\t<\/header><!-- .entry-header -->\n\t\t\t\t\t\t\t\t\t\t\t<div class=\"wp-show-posts-entry-summary\" itemprop=\"text\">\n\t\t\t\t\t\t\t<p>Lara Diloy fits perfectly into the letter and spirit of Proyecto Zarza, which seeks &#8211; and is succeeding &#8211; in rejuvenating a genre, zarzuela, about which there is much prejudice and ignorance, especially among the young.<\/p>\n\t\t\t\t\t\t<\/div><!-- .entry-summary -->\n\t\t\t\t\t<\/div><!-- wp-show-posts-inner --><\/article><div class=\"wpsp-clear\"><\/div><\/section><!-- .wp-show-posts --><div class=\"wpsp-load-more\"><span aria-current=\"page\" class=\"page-numbers current\">1<\/span>\n<a class=\"page-numbers\" href=\"https:\/\/www.laradiloy.com\/en\/wp-json\/wp\/v2\/pages\/2112\/page\/2\/\">2<\/a>\n<a class=\"page-numbers\" href=\"https:\/\/www.laradiloy.com\/en\/wp-json\/wp\/v2\/pages\/2112\/page\/3\/\">3<\/a>\n<a class=\"next page-numbers\" href=\"https:\/\/www.laradiloy.com\/en\/wp-json\/wp\/v2\/pages\/2112\/page\/2\/\">Next &rarr;<\/a><\/div>\n\n<\/div><\/div>","protected":false},"excerpt":{"rendered":"","protected":false},"author":1,"featured_media":2263,"parent":0,"menu_order":0,"comment_status":"closed","ping_status":"closed","template":"","meta":[],"_links":{"self":[{"href":"https:\/\/www.laradiloy.com\/en\/wp-json\/wp\/v2\/pages\/2112"}],"collection":[{"href":"https:\/\/www.laradiloy.com\/en\/wp-json\/wp\/v2\/pages"}],"about":[{"href":"https:\/\/www.laradiloy.com\/en\/wp-json\/wp\/v2\/types\/page"}],"author":[{"embeddable":true,"href":"https:\/\/www.laradiloy.com\/en\/wp-json\/wp\/v2\/users\/1"}],"replies":[{"embeddable":true,"href":"https:\/\/www.laradiloy.com\/en\/wp-json\/wp\/v2\/comments?post=2112"}],"version-history":[{"count":4,"href":"https:\/\/www.laradiloy.com\/en\/wp-json\/wp\/v2\/pages\/2112\/revisions"}],"predecessor-version":[{"id":2344,"href":"https:\/\/www.laradiloy.com\/en\/wp-json\/wp\/v2\/pages\/2112\/revisions\/2344"}],"wp:featuredmedia":[{"embeddable":true,"href":"https:\/\/www.laradiloy.com\/en\/wp-json\/wp\/v2\/media\/2263"}],"wp:attachment":[{"href":"https:\/\/www.laradiloy.com\/en\/wp-json\/wp\/v2\/media?parent=2112"}],"curies":[{"name":"wp","href":"https:\/\/api.w.org\/{rel}","templated":true}]}}