{"id":2478,"date":"2024-07-31T16:42:00","date_gmt":"2024-07-31T14:42:00","guid":{"rendered":"https:\/\/www.laradiloy.com\/criticas\/"},"modified":"2026-02-01T00:56:05","modified_gmt":"2026-01-31T22:56:05","slug":"criticas","status":"publish","type":"page","link":"https:\/\/www.laradiloy.com\/en\/criticas\/","title":{"rendered":"Reviews"},"content":{"rendered":"<div class=\"gb-grid-wrapper gb-grid-wrapper-171502c3\">\n<div class=\"gb-grid-column gb-grid-column-0fc3517b\"><div class=\"gb-container gb-container-0fc3517b\"><div class=\"gb-inside-container\">\n\n<h2 class=\"gb-headline gb-headline-ab7db18c gb-headline-text\">REVIEWS<\/h2>\n\n\n\n<h2>La Traviata<\/h2>\n\n\n\n<div class=\"wp-container-3 wp-block-columns\">\n<div class=\"wp-container-1 wp-block-column\">\n<figure class=\"wp-block-image size-large\"><img loading=\"lazy\" width=\"500\" height=\"333\" src=\"https:\/\/www.laradiloy.com\/wp-content\/uploads\/2026\/01\/lara-diloy-entrevista-el-mundo-500x333.jpg\" alt=\"\" class=\"wp-image-2608\" srcset=\"https:\/\/www.laradiloy.com\/wp-content\/uploads\/2026\/01\/lara-diloy-entrevista-el-mundo-500x333.jpg 500w, https:\/\/www.laradiloy.com\/wp-content\/uploads\/2026\/01\/lara-diloy-entrevista-el-mundo-300x200.jpg 300w, https:\/\/www.laradiloy.com\/wp-content\/uploads\/2026\/01\/lara-diloy-entrevista-el-mundo-768x512.jpg 768w, https:\/\/www.laradiloy.com\/wp-content\/uploads\/2026\/01\/lara-diloy-entrevista-el-mundo.jpg 828w\" sizes=\"(max-width: 500px) 100vw, 500px\" \/><figcaption>Photo: El Mundo<\/figcaption><\/figure>\n\n\n\n<blockquote class=\"wp-block-quote\"><p><em><em>One of the discoveries of the evening was the young Madrid-born conductor Lara Diloy, who, with extensive musical training, found her vocation in orchestral conducting. Diloy skillfully guided both the orchestra and the cast of singers, despite the complexity of the work. With complete dedication to the musicians, she managed to maintain the ensemble\u2019s stability, which bodes well for a promising future in the operatic scene in the coming years.<\/em><\/em><\/p><p><a href=\"https:\/\/www.opera-charm.com\/reviews\/la-traviata-at-maestro-padilla-municipal-auditorium-in-almeria\/\" target=\"_blank\" rel=\"noreferrer noopener\">See full review in <strong>Opera Charm<\/strong><\/a><\/p><cite><strong>Blanca V\u00e1zquez.<\/strong> La Traviata at the Auditorio Maestro Padilla in Almer\u00eda.<\/cite><\/blockquote>\n<\/div>\n\n\n\n<div class=\"wp-container-2 wp-block-column\">\n<blockquote class=\"wp-block-quote has-text-align-left\"><p><em><em><em>\u201cLara Diloy\u2019s musical direction was one of the pillars of the evening. Her reading of the Verdian score stood out for its clarity of sound layers, control of dramatic tempo, and a delicate dynamic architecture that allowed the singers to breathe.\u201d<\/em><\/em><\/em><\/p><p><a href=\"https:\/\/www.diariodealmeria.es\/ocio\/opera-traviata-lumina-auditorio-talento_0_2005406206.html\" target=\"_blank\" rel=\"noreferrer noopener\">See full review in <strong>Diario de Almer\u00eda<\/strong><em>\u00a0<\/em><\/a><\/p><cite><strong>Diego Mart\u00ednez.<\/strong> La Traviata at the Auditorio Maestro Padilla in Almer\u00eda.<\/cite><\/blockquote>\n<\/div>\n<\/div>\n\n\n\n<h2>Lazarillo<\/h2>\n\n\n\n<div class=\"wp-container-6 wp-block-columns\">\n<div class=\"wp-container-4 wp-block-column\">\n<figure class=\"wp-block-image size-large\"><img loading=\"lazy\" width=\"500\" height=\"350\" src=\"https:\/\/www.laradiloy.com\/wp-content\/uploads\/2024\/07\/lara-diloy-diario_abc-500x350.jpg\" alt=\"\" class=\"wp-image-2469\" srcset=\"https:\/\/www.laradiloy.com\/wp-content\/uploads\/2024\/07\/lara-diloy-diario_abc-500x350.jpg 500w, https:\/\/www.laradiloy.com\/wp-content\/uploads\/2024\/07\/lara-diloy-diario_abc-300x210.jpg 300w, https:\/\/www.laradiloy.com\/wp-content\/uploads\/2024\/07\/lara-diloy-diario_abc-768x538.jpg 768w, https:\/\/www.laradiloy.com\/wp-content\/uploads\/2024\/07\/lara-diloy-diario_abc.jpg 1200w\" sizes=\"(max-width: 500px) 100vw, 500px\" \/><figcaption>Photo: J. M. SERRANO | ABC Sevilla<\/figcaption><\/figure>\n\n\n\n<blockquote class=\"wp-block-quote\"><p><em>(\u2026) under the sure and sensitive direction of Lara Diloy, they have performed a clean and punctual work, at times a real lacework (\u2026) We witnessed an excellent performance marvellously served by Diloy&#8217;s baton.<\/em><\/p><p><a href=\"https:\/\/www.larazon.es\/cultura\/teatro\/vision-musical-escenica-lazarillo_202306206490deda44049c0001cf2948.html\" target=\"_blank\" rel=\"noreferrer noopener\">See full review in <strong>La Raz\u00f3n<\/strong><\/a><\/p><cite><strong>Arturo Reverter.<\/strong> Lazarillo at the Teatro Corral de Comedias in Alcal\u00e1 de Henares. <br><\/cite><\/blockquote>\n<\/div>\n\n\n\n<div class=\"wp-container-5 wp-block-column\">\n<blockquote class=\"wp-block-quote has-text-align-left\"><p><em>It is written in a meticulous, almost pointillist manner, with a fine writing to match the instruments and a range of colours very much in keeping with the vicissitudes of the rogue, from the cheerfulness of the first scenes with the blind man to the more despairing ones at the end. Lara Diloy was able to underline all these nuances with meticulous, millimetric direction, very attentive to the fusion between scene and music. This was made possible, of course, by a group of solid musicians perfectly attuned to each other.<\/em><\/p><p><a href=\"https:\/\/www.diariodesevilla.es\/ocio\/Lazarillo-Llade-Opera_0_1903910655.html\" target=\"_blank\" rel=\"noreferrer noopener\">See full review in <strong>Diario de Sevilla<\/strong><em>&nbsp;<\/em><\/a><\/p><cite><strong>Andr\u00e9s Moreno Meng\u00edbar.<\/strong> Lazarillo at the Cartuja Center in Seville.<\/cite><\/blockquote>\n<\/div>\n<\/div>\n\n\n\n<h2>El a\u00f1o pasado por agua &#8211; Teatro de la Zarzuela<\/h2>\n\n\n\n<div class=\"wp-container-9 wp-block-columns\">\n<div class=\"wp-container-7 wp-block-column\">\n<figure class=\"wp-block-image size-large\"><img loading=\"lazy\" width=\"500\" height=\"333\" src=\"https:\/\/www.laradiloy.com\/wp-content\/uploads\/2024\/03\/teatro-zarzuela-lara-diloy-proyecto-zarza-500x333.jpg\" alt=\"\" class=\"wp-image-2404\" srcset=\"https:\/\/www.laradiloy.com\/wp-content\/uploads\/2024\/03\/teatro-zarzuela-lara-diloy-proyecto-zarza-500x333.jpg 500w, https:\/\/www.laradiloy.com\/wp-content\/uploads\/2024\/03\/teatro-zarzuela-lara-diloy-proyecto-zarza-300x200.jpg 300w, https:\/\/www.laradiloy.com\/wp-content\/uploads\/2024\/03\/teatro-zarzuela-lara-diloy-proyecto-zarza-768x512.jpg 768w, https:\/\/www.laradiloy.com\/wp-content\/uploads\/2024\/03\/teatro-zarzuela-lara-diloy-proyecto-zarza-1536x1023.jpg 1536w, https:\/\/www.laradiloy.com\/wp-content\/uploads\/2024\/03\/teatro-zarzuela-lara-diloy-proyecto-zarza.jpg 1600w\" sizes=\"(max-width: 500px) 100vw, 500px\" \/><figcaption>Photo: G. ESCRIBANO<\/figcaption><\/figure>\n\n\n\n<blockquote class=\"wp-block-quote has-text-align-left\"><p><em>(\u2026) there is no loss of grace or elegance, and the transparency and extraordinary lightness of the score is underlined. This is how Lara Diloy understood it on the podium, with a fine, lively and nervous reading.<\/em><\/p><p><a href=\"https:\/\/www.operaactual.com\/critica\/federico-chueca-en-2024\/\" target=\"_blank\" rel=\"noreferrer noopener\">See full review in <strong>\u00d3pera Actual<\/strong><\/a><em>&nbsp;<\/em><\/p><cite><strong>Jos\u00e9 Mar\u00eda Marco.<\/strong> El a\u00f1o pasado por agua at the Teatro de la Zarzuela. <\/cite><\/blockquote>\n<\/div>\n\n\n\n<div class=\"wp-container-8 wp-block-column\">\n<blockquote class=\"wp-block-quote\"><p>(\u2026) where the work really shines is in purely musical terms, with brilliant conducting by Lara Diloy who brings out the best in the orchestra (which she takes out of the pit) and also plays very well with the vocal registers of all the performers.<\/p><p><a href=\"https:\/\/www.nuevatribuna.es\/articulo\/cultura---ocio\/teatro-zarzuela-ano-pasado-agua-clasico\/20240226183159223987.html\" target=\"_blank\" rel=\"noreferrer noopener\">See full review in <strong>Nueva Tribuna<\/strong><\/a><\/p><cite><strong>Vicente I. S\u00e1nchez.<\/strong> El a\u00f1o pasado por agua at the Teatro de la Zarzuela. <br><\/cite><\/blockquote>\n\n\n\n<blockquote class=\"wp-block-quote\"><p>Lara Diloy, at the head of the small and wonderful orchestra in the stalls, is the perfect counterpoint to the staging.<\/p><p><a href=\"https:\/\/shangay.com\/2024\/02\/26\/el-ano-pasado-por-agua-lo-nuevo-del-proyecto-zarza-en-el-teatro-de-la-zarzuela\/\" target=\"_blank\" rel=\"noreferrer noopener\">See full review in <strong>Shangay<\/strong><\/a><\/p><cite><strong>Nacho Fresno.<\/strong> El a\u00f1o pasado por agua at the Teatro de la Zarzuela. <br><\/cite><\/blockquote>\n<\/div>\n<\/div>\n\n\n\n<h2>Lyric Gala &#8211; 75th Anniversary of the Oviedo Opera House<\/h2>\n\n\n\n<div class=\"wp-container-12 wp-block-columns\">\n<div class=\"wp-container-10 wp-block-column\">\n<blockquote class=\"wp-block-quote\"><p><em>The OSPA was very secure under the baton of Lara Diloy, opting for intelligent and successful conducting, breathing fluidity into the Asturian symphony, adjusting the crescendos well and contrasting the themes appropriately. The Madrid-born conductor, aware of the fragility of the repertoire, knew how to handle the orchestra and to bend to the soloists in each of the numbers.<\/em><\/p><p><a href=\"https:\/\/www.lne.es\/oviedo\/opinion\/2023\/01\/15\/cumpleanos-operistico-81193600.html\">See full review in<strong> La Nueva Espa\u00f1a<\/strong><\/a><\/p><cite><strong>Jonathan Mallada.<\/strong> Lyric Gala for the 75th anniversary of the Oviedo Opera.<br><\/cite><\/blockquote>\n<\/div>\n\n\n\n<div class=\"wp-container-11 wp-block-column\">\n<figure class=\"wp-block-image size-large\"><img loading=\"lazy\" width=\"500\" height=\"333\" src=\"https:\/\/www.laradiloy.com\/wp-content\/uploads\/2025\/02\/lara-diloy-75-aniversario-opera-oviedo-500x333.jpg\" alt=\"\" class=\"wp-image-2491\" srcset=\"https:\/\/www.laradiloy.com\/wp-content\/uploads\/2025\/02\/lara-diloy-75-aniversario-opera-oviedo-500x333.jpg 500w, https:\/\/www.laradiloy.com\/wp-content\/uploads\/2025\/02\/lara-diloy-75-aniversario-opera-oviedo-300x200.jpg 300w, https:\/\/www.laradiloy.com\/wp-content\/uploads\/2025\/02\/lara-diloy-75-aniversario-opera-oviedo-768x511.jpg 768w, https:\/\/www.laradiloy.com\/wp-content\/uploads\/2025\/02\/lara-diloy-75-aniversario-opera-oviedo.jpg 1248w\" sizes=\"(max-width: 500px) 100vw, 500px\" \/><figcaption>Photo: M. ROJAS | El Comercio<\/figcaption><\/figure>\n<\/div>\n<\/div>\n\n\n\n<h2>Don Gil de Alcal\u00e1 &#8211; Teatro de la Zarzuela<\/h2>\n\n\n\n<div class=\"wp-container-15 wp-block-columns\">\n<div class=\"wp-container-13 wp-block-column\">\n<blockquote class=\"wp-block-quote\"><p><em>Always attentive to the singers, he gave the orchestra the verve and sparkle that characterises this work. One could appreciate the delicate nuances in the orchestration of a classically inspired score. Diloy demonstrated at the helm of the Orquesta de la Comunidad de Madrid that confidence which is only the fruit of hard work and talent.<\/em><\/p><p><a href=\"https:\/\/www.brioclasica.es\/critica\/don-gil-de-alcala\/\" target=\"_blank\" rel=\"noreferrer noopener\">See full review in <strong>Briocl\u00e1sica<\/strong><\/a><\/p><cite><strong>Paloma Sanz.<\/strong> Don Gil de Alcal\u00e1 at the Teatro de la Zarzuela. <br><\/cite><\/blockquote>\n<\/div>\n\n\n\n<div class=\"wp-container-14 wp-block-column\">\n<blockquote class=\"wp-block-quote has-text-align-left\"><p><em>The young Lara Diloy led Penella\u2019s string orchestra for this score, making the Valencian musician\u2019s notes ring out from the very orchestral prelude with all their charm and evanescence, as the different sections shone smoothly with deep, deep bass strings.&nbsp;<\/em><\/p><p><a href=\"https:\/\/www.mundoclasico.com\/articulo\/37034\/Oportuno-preciosismo\" target=\"_blank\" rel=\"noreferrer noopener\">See full review in <strong>Mundocl\u00e1sico<\/strong><\/a><em>&nbsp;<\/em><\/p><cite><strong>Germ\u00e1n Garc\u00eda Tom\u00e1s.<\/strong> Don Gil de Alcal\u00e1 at the Teatro de la Zarzuela. <\/cite><\/blockquote>\n<\/div>\n<\/div>\n\n\n\n<figure class=\"wp-block-image size-large is-resized\"><img loading=\"lazy\" src=\"https:\/\/www.laradiloy.com\/wp-content\/uploads\/2022\/08\/Lara-Diloy-Don-Gil-Alcala-Teatro-Zarzuela-500x250.jpg\" alt=\"\" class=\"wp-image-1796\" width=\"1280\" height=\"640\" srcset=\"https:\/\/www.laradiloy.com\/wp-content\/uploads\/2022\/08\/Lara-Diloy-Don-Gil-Alcala-Teatro-Zarzuela-500x250.jpg 500w, https:\/\/www.laradiloy.com\/wp-content\/uploads\/2022\/08\/Lara-Diloy-Don-Gil-Alcala-Teatro-Zarzuela-300x150.jpg 300w, https:\/\/www.laradiloy.com\/wp-content\/uploads\/2022\/08\/Lara-Diloy-Don-Gil-Alcala-Teatro-Zarzuela-768x384.jpg 768w, https:\/\/www.laradiloy.com\/wp-content\/uploads\/2022\/08\/Lara-Diloy-Don-Gil-Alcala-Teatro-Zarzuela-1536x768.jpg 1536w, https:\/\/www.laradiloy.com\/wp-content\/uploads\/2022\/08\/Lara-Diloy-Don-Gil-Alcala-Teatro-Zarzuela.jpg 1800w\" sizes=\"(max-width: 1280px) 100vw, 1280px\" \/><\/figure>\n\n<\/div><\/div><\/div>\n<\/div>","protected":false},"excerpt":{"rendered":"","protected":false},"author":1,"featured_media":2253,"parent":0,"menu_order":0,"comment_status":"closed","ping_status":"open","template":"","meta":[],"_links":{"self":[{"href":"https:\/\/www.laradiloy.com\/en\/wp-json\/wp\/v2\/pages\/2478"}],"collection":[{"href":"https:\/\/www.laradiloy.com\/en\/wp-json\/wp\/v2\/pages"}],"about":[{"href":"https:\/\/www.laradiloy.com\/en\/wp-json\/wp\/v2\/types\/page"}],"author":[{"embeddable":true,"href":"https:\/\/www.laradiloy.com\/en\/wp-json\/wp\/v2\/users\/1"}],"replies":[{"embeddable":true,"href":"https:\/\/www.laradiloy.com\/en\/wp-json\/wp\/v2\/comments?post=2478"}],"version-history":[{"count":4,"href":"https:\/\/www.laradiloy.com\/en\/wp-json\/wp\/v2\/pages\/2478\/revisions"}],"predecessor-version":[{"id":2626,"href":"https:\/\/www.laradiloy.com\/en\/wp-json\/wp\/v2\/pages\/2478\/revisions\/2626"}],"wp:featuredmedia":[{"embeddable":true,"href":"https:\/\/www.laradiloy.com\/en\/wp-json\/wp\/v2\/media\/2253"}],"wp:attachment":[{"href":"https:\/\/www.laradiloy.com\/en\/wp-json\/wp\/v2\/media?parent=2478"}],"curies":[{"name":"wp","href":"https:\/\/api.w.org\/{rel}","templated":true}]}}